{"id":2331,"date":"2026-04-11T03:03:21","date_gmt":"2026-04-11T03:03:21","guid":{"rendered":"https:\/\/archipelago.pt\/atelier-2\/"},"modified":"2026-04-20T22:42:45","modified_gmt":"2026-04-20T22:42:45","slug":"atelier","status":"publish","type":"page","link":"https:\/\/archipelago.pt\/en\/atelier\/","title":{"rendered":"Workshop"},"content":{"rendered":"\t\t<div data-elementor-type=\"wp-page\" data-elementor-id=\"2331\" class=\"elementor elementor-2331\" data-elementor-post-type=\"page\">\n\t\t\t\t<div class=\"elementor-element elementor-element-0fd3f2c e-con-full menu-show e-flex wpr-equal-height-no e-con e-parent\" data-id=\"0fd3f2c\" data-element_type=\"container\" data-e-type=\"container\" data-settings=\"{&quot;background_background&quot;:&quot;classic&quot;}\">\n\t\t<div class=\"elementor-element elementor-element-d501aaf e-con-full e-flex wpr-equal-height-no e-con e-child\" data-id=\"d501aaf\" data-element_type=\"container\" data-e-type=\"container\">\n\t\t\t\t<div class=\"elementor-element elementor-element-1c738bb elementor-widget elementor-widget-heading\" data-id=\"1c738bb\" data-element_type=\"widget\" data-e-type=\"widget\" data-widget_type=\"heading.default\">\n\t\t\t\t\t<h2 class=\"elementor-heading-title elementor-size-default\">conceito<\/h2>\t\t\t\t<\/div>\n\t\t\t\t<div class=\"elementor-element elementor-element-9d8131f txt-sm elementor-widget elementor-widget-text-editor\" data-id=\"9d8131f\" data-element_type=\"widget\" data-e-type=\"widget\" data-widget_type=\"text-editor.default\">\n\t\t\t\t\t\t\t\t\t<p>archipelago \u00e9 um est\u00fadio atl\u00e2ntico de arquitectura sediado na Ilha da Madeira, Portugal.<\/p><p>Este \u00e9 um coletivo, composto por v\u00e1rios arquitectos de diferentes origens, convic\u00e7\u00f5es e aprendizagens. Entendemos que a arquitectura \u00e9 um processo colaborativo entre pessoas, disciplinas e saberes.<\/p><p>\u00c9 dessa intera\u00e7\u00e3o e participa\u00e7\u00e3o colectiva que se gera o equil\u00edbrio necess\u00e1rio ao desenho de uma arquitectura integrada e harmoniosa.<\/p>\t\t\t\t\t\t\t\t<\/div>\n\t\t\t\t<\/div>\n\t\t<div class=\"elementor-element elementor-element-20e10eb e-con-full square e-flex wpr-equal-height-no e-con e-child\" data-id=\"20e10eb\" data-element_type=\"container\" data-e-type=\"container\" data-settings=\"{&quot;background_background&quot;:&quot;classic&quot;}\">\n\t\t\t\t<div class=\"elementor-element elementor-element-3dc0350 elementor-widget elementor-widget-image\" data-id=\"3dc0350\" data-element_type=\"widget\" data-e-type=\"widget\" data-widget_type=\"image.default\">\n\t\t\t\t\t\t\t\t\t\t\t\t\t\t\t<img fetchpriority=\"high\" decoding=\"async\" width=\"800\" height=\"544\" src=\"https:\/\/archipelago.pt\/wp-content\/uploads\/2026\/03\/photo-1600607687939-ce8a6c25118c-1024x696.jpg\" class=\"attachment-large size-large wp-image-302\" alt=\"\" srcset=\"https:\/\/archipelago.pt\/wp-content\/uploads\/2026\/03\/photo-1600607687939-ce8a6c25118c-1024x696.jpg 1024w, https:\/\/archipelago.pt\/wp-content\/uploads\/2026\/03\/photo-1600607687939-ce8a6c25118c-300x204.jpg 300w, https:\/\/archipelago.pt\/wp-content\/uploads\/2026\/03\/photo-1600607687939-ce8a6c25118c-768x522.jpg 768w, https:\/\/archipelago.pt\/wp-content\/uploads\/2026\/03\/photo-1600607687939-ce8a6c25118c-1536x1044.jpg 1536w, https:\/\/archipelago.pt\/wp-content\/uploads\/2026\/03\/photo-1600607687939-ce8a6c25118c-2048x1393.jpg 2048w\" sizes=\"(max-width: 800px) 100vw, 800px\" \/>\t\t\t\t\t\t\t\t\t\t\t\t\t\t\t<\/div>\n\t\t\t\t<\/div>\n\t\t\t\t<\/div>\n\t\t<div class=\"elementor-element elementor-element-7091fd9 e-flex e-con-boxed wpr-equal-height-no e-con e-parent\" data-id=\"7091fd9\" data-element_type=\"container\" data-e-type=\"container\" data-settings=\"{&quot;background_background&quot;:&quot;classic&quot;}\">\n\t\t\t\t\t<div class=\"e-con-inner\">\n\t\t<div class=\"elementor-element elementor-element-d931c66 e-con-full e-flex wpr-equal-height-no e-con e-child\" data-id=\"d931c66\" data-element_type=\"container\" data-e-type=\"container\">\n\t\t\t\t<\/div>\n\t\t<div class=\"elementor-element elementor-element-ce0c397 e-con-full e-flex wpr-equal-height-no e-con e-child\" data-id=\"ce0c397\" data-element_type=\"container\" data-e-type=\"container\">\n\t\t<div class=\"elementor-element elementor-element-00d51fc e-con-full e-flex wpr-equal-height-no e-con e-child\" data-id=\"00d51fc\" data-element_type=\"container\" data-e-type=\"container\">\n\t\t\t\t<div class=\"elementor-element elementor-element-17c1d0c elementor-widget elementor-widget-heading\" data-id=\"17c1d0c\" data-element_type=\"widget\" data-e-type=\"widget\" data-widget_type=\"heading.default\">\n\t\t\t\t\t<h1 class=\"elementor-heading-title elementor-size-default\">metodologia<\/h1>\t\t\t\t<\/div>\n\t\t<div class=\"elementor-element elementor-element-2af4f86 e-con-full e-flex wpr-equal-height-no e-con e-child\" data-id=\"2af4f86\" data-element_type=\"container\" data-e-type=\"container\">\n\t\t\t\t<div class=\"elementor-element elementor-element-0521a57 txt-sm elementor-widget__width-initial elementor-widget-mobile__width-inherit elementor-widget elementor-widget-text-editor\" data-id=\"0521a57\" data-element_type=\"widget\" data-e-type=\"widget\" data-widget_type=\"text-editor.default\">\n\t\t\t\t\t\t\t\t\t<p>A insularidade como contexto geogr\u00e1fico onde o est\u00fadio est\u00e1 localizado imp\u00f5e uma forte influ\u00eancia na nossa metodologia de trabalho.<\/p><p>Este confronto entre matriz territorial \u2014 ilha (mat\u00e9ria s\u00f3lida), oceano (mat\u00e9ria l\u00edquida) \u2014 e ac\u00e7\u00e3o humana, que se entende como sobreposi\u00e7\u00f5es de camadas temporais, assumese como uma ferramenta essencial de projecto e colabora\u00e7\u00e3o.<\/p>\t\t\t\t\t\t\t\t<\/div>\n\t\t\t\t<div class=\"elementor-element elementor-element-3411901 txt-sm elementor-widget__width-initial elementor-widget-mobile__width-inherit elementor-widget elementor-widget-text-editor\" data-id=\"3411901\" data-element_type=\"widget\" data-e-type=\"widget\" data-widget_type=\"text-editor.default\">\n\t\t\t\t\t\t\t\t\t<p>O nosso trabalho desenvolve-se sob os seguintes pilares:<\/p><p>entendimento geogr\u00e1fico<br \/>(orografia, paisagem)<\/p><p>entendimento hist\u00f3rico<br \/>(historia e costumes do lugar)<\/p><p>entendimento program\u00e1tico <br \/>(funcionalidade espacial)<\/p>\t\t\t\t\t\t\t\t<\/div>\n\t\t\t\t<\/div>\n\t\t\t\t<\/div>\n\t\t\t\t<\/div>\n\t\t\t\t\t<\/div>\n\t\t\t\t<\/div>\n\t\t<div class=\"elementor-element elementor-element-5ce2e64 e-flex e-con-boxed wpr-equal-height-no e-con e-parent\" data-id=\"5ce2e64\" data-element_type=\"container\" data-e-type=\"container\" data-settings=\"{&quot;background_background&quot;:&quot;classic&quot;}\">\n\t\t\t\t\t<div class=\"e-con-inner\">\n\t\t<div class=\"elementor-element elementor-element-14155ad e-con-full e-flex wpr-equal-height-no e-con e-child\" data-id=\"14155ad\" data-element_type=\"container\" data-e-type=\"container\">\n\t\t<div class=\"elementor-element elementor-element-bbd1eb7 e-con-full e-flex wpr-equal-height-no e-con e-child\" data-id=\"bbd1eb7\" data-element_type=\"container\" data-e-type=\"container\">\n\t\t\t\t<div class=\"elementor-element elementor-element-f0def16 elementor-widget elementor-widget-heading\" data-id=\"f0def16\" data-element_type=\"widget\" data-e-type=\"widget\" data-widget_type=\"heading.default\">\n\t\t\t\t\t<h2 class=\"elementor-heading-title elementor-size-default\">equipa<\/h2>\t\t\t\t<\/div>\n\t\t\t\t<div class=\"elementor-element elementor-element-684535d txt-sm elementor-widget elementor-widget-text-editor\" data-id=\"684535d\" data-element_type=\"widget\" data-e-type=\"widget\" data-widget_type=\"text-editor.default\">\n\t\t\t\t\t\t\t\t\t<p>Amilcar Nunes . PT<br \/>arquitecto fundador e coordenador do estudio<\/p><p>Federica Felici . ITA<br \/>arquitecta senior<\/p>\t\t\t\t\t\t\t\t<\/div>\n\t\t\t\t<\/div>\n\t\t\t\t<\/div>\n\t\t<div class=\"elementor-element elementor-element-2a3f66e e-con-full e-flex wpr-equal-height-no e-con e-child\" data-id=\"2a3f66e\" data-element_type=\"container\" data-e-type=\"container\">\n\t\t\t\t<\/div>\n\t\t\t\t\t<\/div>\n\t\t\t\t<\/div>\n\t\t<div class=\"elementor-element elementor-element-f65516f e-flex e-con-boxed wpr-equal-height-no e-con e-parent\" data-id=\"f65516f\" data-element_type=\"container\" data-e-type=\"container\">\n\t\t\t\t\t<div class=\"e-con-inner\">\n\t\t\t\t<div class=\"elementor-element elementor-element-89977a6 txt-sm link elementor-widget elementor-widget-text-editor\" data-id=\"89977a6\" data-element_type=\"widget\" data-e-type=\"widget\" data-widget_type=\"text-editor.default\">\n\t\t\t\t\t\t\t\t\t<p><a href=\"\/contacto\">[ contacto ]<\/a><\/p>\t\t\t\t\t\t\t\t<\/div>\n\t\t\t\t\t<\/div>\n\t\t\t\t<\/div>\n\t\t\t\t<\/div>\n\t\t","protected":false},"excerpt":{"rendered":"<p>conceito archipelago \u00e9 um est\u00fadio atl\u00e2ntico de arquitectura sediado na Ilha da Madeira, Portugal. Este \u00e9 um coletivo, composto por v\u00e1rios arquitectos de diferentes origens, convic\u00e7\u00f5es e aprendizagens. Entendemos que a arquitectura \u00e9 um processo colaborativo entre pessoas, disciplinas e saberes. \u00c9 dessa intera\u00e7\u00e3o e participa\u00e7\u00e3o colectiva que se gera o equil\u00edbrio necess\u00e1rio ao desenho de uma arquitectura integrada e harmoniosa. metodologia A insularidade como contexto geogr\u00e1fico onde o est\u00fadio est\u00e1 localizado imp\u00f5e uma forte influ\u00eancia na nossa metodologia de trabalho. Este confronto entre matriz territorial \u2014 ilha (mat\u00e9ria s\u00f3lida), oceano (mat\u00e9ria l\u00edquida) \u2014 e ac\u00e7\u00e3o humana, que se entende como sobreposi\u00e7\u00f5es de camadas temporais, assumese como uma ferramenta essencial de projecto e colabora\u00e7\u00e3o. O nosso trabalho desenvolve-se sob os seguintes pilares: entendimento geogr\u00e1fico(orografia, paisagem) entendimento hist\u00f3rico(historia e costumes do lugar) entendimento program\u00e1tico (funcionalidade espacial) equipa Amilcar Nunes . PTarquitecto fundador e coordenador do estudio Federica Felici . ITAarquitecta senior [ contacto ]<\/p>\n","protected":false},"author":1,"featured_media":0,"parent":0,"menu_order":0,"comment_status":"closed","ping_status":"closed","template":"elementor_header_footer","meta":{"_acf_changed":false,"footnotes":""},"class_list":["post-2331","page","type-page","status-publish","hentry"],"acf":[],"_links":{"self":[{"href":"https:\/\/archipelago.pt\/en\/wp-json\/wp\/v2\/pages\/2331","targetHints":{"allow":["GET"]}}],"collection":[{"href":"https:\/\/archipelago.pt\/en\/wp-json\/wp\/v2\/pages"}],"about":[{"href":"https:\/\/archipelago.pt\/en\/wp-json\/wp\/v2\/types\/page"}],"author":[{"embeddable":true,"href":"https:\/\/archipelago.pt\/en\/wp-json\/wp\/v2\/users\/1"}],"replies":[{"embeddable":true,"href":"https:\/\/archipelago.pt\/en\/wp-json\/wp\/v2\/comments?post=2331"}],"version-history":[{"count":149,"href":"https:\/\/archipelago.pt\/en\/wp-json\/wp\/v2\/pages\/2331\/revisions"}],"predecessor-version":[{"id":3038,"href":"https:\/\/archipelago.pt\/en\/wp-json\/wp\/v2\/pages\/2331\/revisions\/3038"}],"wp:attachment":[{"href":"https:\/\/archipelago.pt\/en\/wp-json\/wp\/v2\/media?parent=2331"}],"curies":[{"name":"wp","href":"https:\/\/api.w.org\/{rel}","templated":true}]}}